{"id":11,"date":"2017-05-14T22:07:36","date_gmt":"2017-05-14T20:07:36","guid":{"rendered":"http:\/\/localhost\/garten\/?page_id=11"},"modified":"2017-06-30T10:24:00","modified_gmt":"2017-06-30T10:24:00","slug":"verein","status":"publish","type":"page","link":"https:\/\/gartenfreunde-auritz.de\/?page_id=11","title":{"rendered":"Verein"},"content":{"rendered":"<p>Unsere Gartenanlage &#8222;Gartenfreunde Auritz e. V.&#8220; wurde 1931 als gemeinn\u00fctziger Verein unter dem Namen &#8222;Freie vereinigte Schreberg\u00e4rtner Auritz&#8220; durch Einwohner des damaligen Ortes Auritz gegr\u00fcndet.<\/p>\n<p><img loading=\"lazy\" decoding=\"async\" class=\"size-medium wp-image-150 aligncenter\" src=\"https:\/\/gartenfreunde-auritz.de\/wp-content\/uploads\/2017\/05\/Auritz-270x300.png\" alt=\"\" width=\"270\" height=\"300\" srcset=\"https:\/\/gartenfreunde-auritz.de\/wp-content\/uploads\/2017\/05\/Auritz-270x300.png 270w, https:\/\/gartenfreunde-auritz.de\/wp-content\/uploads\/2017\/05\/Auritz.png 407w\" sizes=\"auto, (max-width: 270px) 100vw, 270px\" \/><\/p>\n<p><a href=\"https:\/\/gartenfreunde-auritz.de\/?page_id=20\">Vorstand<\/a><\/p>\n<p><a href=\"https:\/\/gartenfreunde-auritz.de\/?page_id=92\">Arbeitszeiten<\/a><\/p>\n<p><a href=\"https:\/\/gartenfreunde-auritz.de\/?page_id=15\">Freie G\u00e4rten<\/a><\/p>\n<p><a href=\"https:\/\/gartenfreunde-auritz.de\/?page_id=13\">Chronik<\/a><\/p>\n","protected":false},"excerpt":{"rendered":"<p>Unsere Gartenanlage &#8222;Gartenfreunde Auritz e. V.&#8220; wurde 1931 als gemeinn\u00fctziger Verein unter dem Namen &#8222;Freie vereinigte Schreberg\u00e4rtner Auritz&#8220; durch Einwohner des damaligen Ortes Auritz gegr\u00fcndet. Vorstand Arbeitszeiten Freie G\u00e4rten Chronik<\/p>\n","protected":false},"author":3,"featured_media":0,"parent":0,"menu_order":0,"comment_status":"closed","ping_status":"closed","template":"","meta":{"footnotes":""},"class_list":["post-11","page","type-page","status-publish","hentry","post-preview"],"_links":{"self":[{"href":"https:\/\/gartenfreunde-auritz.de\/index.php?rest_route=\/wp\/v2\/pages\/11","targetHints":{"allow":["GET"]}}],"collection":[{"href":"https:\/\/gartenfreunde-auritz.de\/index.php?rest_route=\/wp\/v2\/pages"}],"about":[{"href":"https:\/\/gartenfreunde-auritz.de\/index.php?rest_route=\/wp\/v2\/types\/page"}],"author":[{"embeddable":true,"href":"https:\/\/gartenfreunde-auritz.de\/index.php?rest_route=\/wp\/v2\/users\/3"}],"replies":[{"embeddable":true,"href":"https:\/\/gartenfreunde-auritz.de\/index.php?rest_route=%2Fwp%2Fv2%2Fcomments&post=11"}],"version-history":[{"count":2,"href":"https:\/\/gartenfreunde-auritz.de\/index.php?rest_route=\/wp\/v2\/pages\/11\/revisions"}],"predecessor-version":[{"id":172,"href":"https:\/\/gartenfreunde-auritz.de\/index.php?rest_route=\/wp\/v2\/pages\/11\/revisions\/172"}],"wp:attachment":[{"href":"https:\/\/gartenfreunde-auritz.de\/index.php?rest_route=%2Fwp%2Fv2%2Fmedia&parent=11"}],"curies":[{"name":"wp","href":"https:\/\/api.w.org\/{rel}","templated":true}]}}